{"id":20,"date":"2019-06-24T14:24:46","date_gmt":"2019-06-24T14:24:46","guid":{"rendered":"https:\/\/rentschmetallbau.live-website.com\/?page_id=20"},"modified":"2019-10-18T16:17:38","modified_gmt":"2019-10-18T16:17:38","slug":"leistungsspektrum","status":"publish","type":"page","link":"https:\/\/rentsch-metallbau.de\/?page_id=20","title":{"rendered":"Leistungsspektrum"},"content":{"rendered":"\n<h1 class=\"wp-block-heading\"><\/h1>\n\n\n\n<p>Innovation in Verbindung mit modernster Technik!<\/p>\n\n\n\n<ul class=\"wp-block-list\"><li>Wasserstrahlschneiden von <strong>0,5 <\/strong>bis <strong>150 <\/strong>mm<br>Formatgr\u00f6\u00dfe bis <strong>1500*3000 <\/strong>mm m\u00f6glich. Mit Versetzen bis 6000 mm L\u00e4nge.<\/li><li>Plasma-Schneiden von <strong>0,5 <\/strong>bis <strong>40 <\/strong>mm<br>Formatgr\u00f6\u00dfe bis <strong>1500*3000 <\/strong>mm m\u00f6glich.<\/li><li>Biegepressen von <strong>0,5 <\/strong>bis <strong>6 <\/strong>mm<br>Biegel\u00e4nge max. <strong>3200 <\/strong>mm m\u00f6glich.<\/li><li>Stanzen von 0,5 bis 8 mm<br>Formatgr\u00f6\u00dfe <strong>1250*3000 <\/strong>mm<\/li><li>Scheren von <strong>0,5 <\/strong>bis <strong>6 <\/strong>mm<br>Schnittl\u00e4nge max. <strong>3200 <\/strong>mm m\u00f6glich.<\/li><li>CNC-gesteuertes Rohrbiegen bis max. 2 Zoll-Rohre<\/li><li>Formatverarbeitung von Klein-, Mittel- und Gro\u00dfformaten<\/li><li>Schwei\u00dfen von Stahl, Edelstahl, Alu und Kupfer<\/li><li>Schwei\u00dfverfahren: MIG\/MAG, WIG, Bolzen- und Punktschwei\u00dfen<\/li><li>Rohr- und Fl\u00e4chenschleifanlage f\u00fcr h\u00f6chste Qualit\u00e4tsanspr\u00fcche<br>in der VA-Verarbeitung<\/li><li>Schwerpunktm\u00e4\u00dfige Fertigung von Einzelteilen und Kleinserien durch<br>den Einsatz modernster Maschinen mit geringen R\u00fcstkosten<\/li><li><span style=\"background-color:#eeeeee\" class=\"tadv-background-color\"><span style=\"color:#0693e3\" class=\"tadv-color\">*<\/span><\/span><span style=\"color:#0693e3\" class=\"tadv-color\">**** <\/span><strong><span style=\"color:#0693e3\" class=\"tadv-color\">NEU  NEU  NEU <\/span><\/strong><span style=\"color:#0693e3\" class=\"tadv-color\">***** <\/span><strong><span style=\"color:#0693e3\" class=\"tadv-color\">NEU NEU NEU ***** NEU NEU NEU *****<\/span><\/strong><br><strong><span style=\"color:#0693e3\" class=\"tadv-color\">Portalfr\u00e4se<\/span> <\/strong>mit einer Bearbeitungsgr\u00f6\u00dfe von <strong>1500 <\/strong>mm Breite und<br><strong>4000 <\/strong>mm L\u00e4nge. Bearbeitung von St, VA, Alu, Ms, Cu, Kunststoffen <br>und Holz m\u00f6glich!<\/li><\/ul>\n\n\n\n<h2 class=\"wp-block-heading\"><\/h2>\n\n\n\n<p><\/p>\n","protected":false},"excerpt":{"rendered":"<p>Innovation in Verbindung mit modernster Technik! Wasserstrahlschneiden von 0,5 bis 150 mmFormatgr\u00f6\u00dfe bis 1500*3000 mm m\u00f6glich. Mit Versetzen bis 6000 mm L\u00e4nge. Plasma-Schneiden von 0,5 bis 40 mmFormatgr\u00f6\u00dfe bis 1500*3000 [&hellip;]<\/p>\n","protected":false},"author":1,"featured_media":0,"parent":0,"menu_order":0,"comment_status":"closed","ping_status":"closed","template":"","meta":{"footnotes":""},"class_list":["post-20","page","type-page","status-publish","hentry"],"_links":{"self":[{"href":"https:\/\/rentsch-metallbau.de\/index.php?rest_route=\/wp\/v2\/pages\/20","targetHints":{"allow":["GET"]}}],"collection":[{"href":"https:\/\/rentsch-metallbau.de\/index.php?rest_route=\/wp\/v2\/pages"}],"about":[{"href":"https:\/\/rentsch-metallbau.de\/index.php?rest_route=\/wp\/v2\/types\/page"}],"author":[{"embeddable":true,"href":"https:\/\/rentsch-metallbau.de\/index.php?rest_route=\/wp\/v2\/users\/1"}],"replies":[{"embeddable":true,"href":"https:\/\/rentsch-metallbau.de\/index.php?rest_route=%2Fwp%2Fv2%2Fcomments&post=20"}],"version-history":[{"count":7,"href":"https:\/\/rentsch-metallbau.de\/index.php?rest_route=\/wp\/v2\/pages\/20\/revisions"}],"predecessor-version":[{"id":249,"href":"https:\/\/rentsch-metallbau.de\/index.php?rest_route=\/wp\/v2\/pages\/20\/revisions\/249"}],"wp:attachment":[{"href":"https:\/\/rentsch-metallbau.de\/index.php?rest_route=%2Fwp%2Fv2%2Fmedia&parent=20"}],"curies":[{"name":"wp","href":"https:\/\/api.w.org\/{rel}","templated":true}]}}